{"id":44,"date":"2021-05-02T21:16:53","date_gmt":"2021-05-02T21:16:53","guid":{"rendered":"https:\/\/jvrancoa.cl\/web\/home\/"},"modified":"2025-10-06T19:29:09","modified_gmt":"2025-10-06T19:29:09","slug":"home","status":"publish","type":"page","link":"https:\/\/jvrancoa.cl\/web\/","title":{"rendered":"Inicio"},"content":{"rendered":"\n\n\n\n<h1>Destacamos&nbsp;<\/h1>\n\n\n\n\n\n\n\n<h5 style=\"text-align: justify; color: rgb(68, 68, 68);\"><font style=\"vertical-align: inherit;\"><font style=\"vertical-align: inherit;\">Agradecemos a la Federaci\u00f3n de juntas de vigilancia de la regi\u00f3n del Maule, al director ejecutivo de la CNR Wilson Ureta y a todo su equipo, por la invitaci\u00f3n a esta importante reuni\u00f3n realizada en Longav\u00ed, donde se abordaron proyectos de embalses acumuladores nocturnos, revestimientos de canales y nuevas capacitaciones para un uso m\u00e1s eficiente del agua en el riego.<\/font><\/font><\/h5>\n\n\n\n\n<h2>Nuestra Organizaci\u00f3n<\/h2>\n\n\n\n\n\n\n\n\nPresidente <p><span style=\"color:#a10000;\">antonio.ramirez@jvrancoa.cl<\/span>\n\n\n\n\n\n\nDirector<p><\/p><span style=\"color:#a10000;\">jaime.perez@jvrancoa.cl<\/span>\nDirector<p><\/p><span style=\"color:#a10000;\">eduardo.ramirez@jvrancoa.cl<\/span>\n\n\nDirector<p><\/p><span style=\"color:#a10000;\">ivan.amestica@jvrancoa.cl <\/span>\nDirector<p><\/p><span style=\"color:#a10000;\">brigida.trureo@jvrancoa.cl <\/span>\n\n\nDirector<p><\/p><span style=\"color:#a10000;\">luis.lobos@jvrancoa.cl <\/span>\nContralor<p><\/p><span style=\"color:#a10000;\">carlos.alcerreca@jvrancoa.cl <\/span>\n\n\n\n\n\n\nAdministrador<div><span style=\"color:#a10000;\">administrador@jvrancoa.cl<\/span><\/div>\n\n\n\n\n\n\n\n\nEncargada de Prensa y Depto Social<p><\/p><span style=\"color:#a10000;\">cobranzas@jvrancoa.cl<\/span>\n\n\nEncargada de Finanzas y Asist. Contabilidad<p><\/p><span style=\"color:#a10000;\">finanzas@jvrancoa.cl<\/span>\nAsistente de Administraci\u00f3n<p><\/p><span style=\"color:#a10000;\">secretaria@jvrancoa.cl<\/span>\n\n\n\n\n\n\nAsesor Jur\u00eddico<p><\/p><span style=\"color:#a10000;\">juridico@jvrancoa.cl<\/span>\n\n\n\n\n\n\n\n\nRepartidor de Aguas<p><\/p><span style=\"color:#a10000;\">deptotecnico@jvrancoa.cl<\/span>\n\n\nRepartidor de Aguas<p><\/p><span style=\"color:#a10000;\">deptotecnico@jvrancoa.cl<\/span>\n\n\n\n\n\n\n\n\n\n\n\n\n\n\n\n\n<h5><br><\/h5>\n<h2><br><\/h2>\n<p style=\"text-align: center;\"><br><\/p>\n\n\n\n\n<p style=\"text-align: left; \">&nbsp; &nbsp; &nbsp; &nbsp; &nbsp; &nbsp; &nbsp; &nbsp; &nbsp; &nbsp; &nbsp; Sr. Luis Lobos z<\/p>\n\n\n<p><span style=\"color: rgb(255, 255, 255);\"><span style=\"line-height: 1;\"><\/span>Lunes a Jueves<\/span>&nbsp;<\/p><p>08:30 a 13:30 \/ 14:30 a 17:30<\/p><p><span style=\"color: rgb(255, 255, 255);\">Viernes:&nbsp;<\/span>&nbsp;08:30 a 14:30<\/p>\n\n\n<p>+56 9 7622 9882<\/p>\n\n\n\n\n<h2><br><\/h2>\n\n\n\n\n\n\n\n\n\n\n{\u00abtitle\u00bb:\u00bbNOTICIAS RECIENTES\u00bb,\u00bbnumber\u00bb:\u00bb4&#8243;}\n\n\n","protected":false},"excerpt":{"rendered":"","protected":false},"author":1,"featured_media":0,"parent":0,"menu_order":0,"comment_status":"closed","ping_status":"closed","template":"","meta":{"pagelayer_contact_templates":[],"_pagelayer_content":"","footnotes":""},"class_list":["post-44","page","type-page","status-publish","hentry"],"_links":{"self":[{"href":"https:\/\/jvrancoa.cl\/web\/wp-json\/wp\/v2\/pages\/44","targetHints":{"allow":["GET"]}}],"collection":[{"href":"https:\/\/jvrancoa.cl\/web\/wp-json\/wp\/v2\/pages"}],"about":[{"href":"https:\/\/jvrancoa.cl\/web\/wp-json\/wp\/v2\/types\/page"}],"author":[{"embeddable":true,"href":"https:\/\/jvrancoa.cl\/web\/wp-json\/wp\/v2\/users\/1"}],"replies":[{"embeddable":true,"href":"https:\/\/jvrancoa.cl\/web\/wp-json\/wp\/v2\/comments?post=44"}],"version-history":[{"count":142,"href":"https:\/\/jvrancoa.cl\/web\/wp-json\/wp\/v2\/pages\/44\/revisions"}],"predecessor-version":[{"id":764,"href":"https:\/\/jvrancoa.cl\/web\/wp-json\/wp\/v2\/pages\/44\/revisions\/764"}],"wp:attachment":[{"href":"https:\/\/jvrancoa.cl\/web\/wp-json\/wp\/v2\/media?parent=44"}],"curies":[{"name":"wp","href":"https:\/\/api.w.org\/{rel}","templated":true}]}}