{"id":46,"date":"2021-05-02T21:16:53","date_gmt":"2021-05-02T21:16:53","guid":{"rendered":"https:\/\/jvrancoa.cl\/web\/about-us\/"},"modified":"2025-07-31T17:37:16","modified_gmt":"2025-07-31T17:37:16","slug":"about-us","status":"publish","type":"page","link":"https:\/\/jvrancoa.cl\/web\/about-us\/","title":{"rendered":"Nosotros"},"content":{"rendered":"\n\n\n\n<h1>Nosotros<\/h1>\n\n\n\n\n\n\n<h2>Nuestra Historia<\/h2>\n\n\n<p style=\"text-align: justify;\"><p data-start=\"290\" data-end=\"553\" style=\"color: rgb(136, 136, 136); text-align: justify;\"><span style=\"color: rgb(136, 136, 136);\">La <span data-start=\"293\" data-end=\"346\" style=\"\">Junta de Vigilancia del R\u00edo Ancoa y sus Afluentes<\/span> fue oficialmente constituida el <span data-start=\"379\" data-end=\"403\" style=\"\">16 de agosto de 1998<\/span>, fecha en que se aprobaron los estatutos que regulan su funcionamiento y que le otorgan personalidad jur\u00eddica como organizaci\u00f3n de usuarios de<\/span><span style=\"color: rgb(136, 136, 136);\"> aguas.<\/span><span style=\"color:#888888;\"><\/span><\/p><span style=\"color:#888888;\"><p data-start=\"555\" data-end=\"809\"><span style=\"color:#888888;\">Esta Junta tiene la responsabilidad de ejercer las facultades conferidas por el <span data-start=\"635\" data-end=\"654\">C\u00f3digo de Aguas<\/span> y sus propios estatutos, administrando y distribuyendo las aguas del R\u00edo Ancoa y sus afluentes desde la precordillera de los Andes hasta su <span style=\"\">desemb<\/span><\/span><span style=\"color:#888888;\">ocadura<\/span><\/p>\n<p data-start=\"811\" data-end=\"1072\"><span style=\"color:#888888;\">Las aguas del sistema h\u00eddrico del R\u00edo Ancoa est\u00e1n divididas en <span data-start=\"874\" data-end=\"892\">7.418 acciones<\/span>, cada una equivalente a <span style=\"\"><span data-start=\"917\" data-end=\"940\">1 litro por <\/span><\/span><\/span><span style=\"color:#888888;\"><span data-start=\"917\" data-end=\"940\">segundo<\/span>, las cuales se distribuyen a trav\u00e9s de una red de <span data-start=\"991\" data-end=\"1005\">31 canales<\/span>, beneficiando a agricultores y comunidades de regantes <span style=\"\">de&nbsp;<\/span><span style=\"\">la<\/span><\/span><span style=\"color: rgb(136, 136, 136);\"> zona.<\/span><\/p><\/span><p data-start=\"1074\" data-end=\"1545\" style=\"text-align: justify;\"><span style=\"color: rgb(136, 136, 136);\">La constituci\u00f3n de la Junta fue solicitada por un grupo de agricultores comprometidos con el manejo eficiente del recurso h\u00eddrico, entre ellos los se\u00f1ores <\/span><span style=\"color: rgb(136, 136, 136);\"><span data-start=\"1229\" data-end=\"1254\">Omar Lupallante Tapia<\/span>, <span data-start=\"1256\" data-end=\"1281\">Miguel C\u00e1ceres Arenas<\/span>, <span data-start=\"1283\" data-end=\"1308\">Luis Vargas Guti\u00e9rrez<\/span>, <span data-start=\"1310\" data-end=\"1340\">Rinoaldo Espinoza Espinoza<\/span> y <span data-start=\"1343\" data-end=\"1368\">\u00d3scar Encina Carrasco<\/span>. El proceso fue liderado por el abogado <span data-start=\"1409\" data-end=\"1429\">Jaime Artus Ruiz<\/span>, quien actu\u00f3 en <span style=\"\">repre<\/span><\/span><span style=\"color: rgb(136, 136, 136);\">sentaci\u00f3n<\/span><span style=\"color: rgb(136, 136, 136);\"> propia y de diversos usuarios y organizaciones vinculadas a las aguas del R\u00edo Ancoa.<\/span><span style=\"color:#888888;\"><\/span><\/p><\/p>\n\n\n<p [object NamedNodeMap]><span style=\"color: rgb(119, 119, 119);\">Desde su fundaci\u00f3n, la Junta ha trabajado en la gesti\u00f3n sustentable del recurso h\u00eddrico, promoviendo proyectos de modernizaci\u00f3n, eficiencia en el riego y fortalecimiento organizacional en beneficio de todos sus asociados.\u00a0<\/span><span style=\"color: rgb(119, 119, 119);\"><span style=\"color:#bbbbbb;\"><\/span>Desde su fundaci\u00f3n, la Junta ha trabajado en la gesti\u00f3n sustentable del recurso h\u00eddrico, promoviendo proyectos de modernizaci\u00f3n, eficiencia en el riego y fortalecimiento organizacional en beneficio de todos sus asociados.<\/span><\/p>\n\n\n\n\n<h2><br><\/h2>\n\n<p>Lorem Ipsum has been the industry&#8217;s standard dummy text ever since the 1500s.<\/p>\n<p>Lorem Ipsum has been the industry&#8217;s standard dummy text ever since the 1500s.<\/p>\n\n\n\n\n\n<h2>\u00a0 \u00a0 \u00a0 \u00a0 \u00a0 \u00a0 \u00a0 \u00a0 \u00a0 \u00a0\u00bfQu\u00e9 hacemos?<\/h2>\n\n\n<p [object NamedNodeMap]>La <span data-start=\"350\" data-end=\"403\" style=\"\">Junta de Vigilancia del R\u00edo Ancoa y sus Afluentes<\/span> es la entidad encargada de administrar, distribuir y fiscalizar el uso de las aguas del r\u00edo y sus afluentes, conforme al <span data-start=\"525\" data-end=\"544\" style=\"\">C\u00f3digo de Aguas<\/span> y la normativa vigente. Entre sus funciones principales se encuentran:<\/p>\n\n\n<p><span data-start=\"619\" data-end=\"666\"><strong>\u00a0&#8211;<\/strong> <u><strong>Distribuci\u00f3n de derechos de aprovechamiento<\/strong><\/u><\/span>: Entregar y distribuir el recurso h\u00eddrico a los regantes titulares de derechos, asegurando que su uso se realice conforme a la ley.<\/p>\n\n\n<span data-start=\"804\" data-end=\"831\" style=\"font-size: 15px;\">&nbsp;<strong>&#8211; <\/strong><strong><u>Fiscalizaci\u00f3n y control<\/u><\/strong><\/span><span style=\"font-size: 15px;\"><strong><u>:<\/u><\/strong> Supervisar el uso legal del agua y <\/span><span data-start=\"868\" data-end=\"902\" style=\"font-size: 15px;\">controlar la extracci\u00f3n ilegal<\/span><span style=\"font-size: 15px;\">, velando por el cumplimiento normativo dentro del \u00e1rea de jurisdicci\u00f3n.<\/span>\n\n\n<span style=\"font-size: 15px;\"><\/span><strong><br><\/strong><span data-start=\"978\" data-end=\"1014\" style=\"font-size: 15px;\"><strong>&nbsp;&#8211;<\/strong> <strong><u>Obras de infraestructura h\u00eddrica<\/u><\/strong><\/span><span style=\"font-size: 15px;\"><strong><u>:<\/u><\/strong> Construir, conservar y mejorar las obras de <\/span><span data-start=\"1060\" data-end=\"1088\" style=\"font-size: 15px;\">captaci\u00f3n y distribuci\u00f3n<\/span><span style=\"font-size: 15px;\"> de aguas, asegurando un uso eficiente del recurso.<\/span>\n\n\n<span style=\"font-size: 15px;\"><\/span><br><p style=\"text-align: justify;\"><span data-start=\"1143\" data-end=\"1175\" style=\"font-size: 15px;\">&nbsp;<strong>&#8211;<\/strong><strong><u> Sanciones por incumplimiento<\/u><\/strong><\/span><span style=\"font-size: 15px;\"><strong><u>: <\/u><\/strong>Privar del acceso al agua a aquellos titulares de derechos que no cumplan con la normativa establecida o los acuerdos de distribuci\u00f3n.<\/span><\/p>\n\n\n<p style=\"text-align: justify;\"><span style=\"font-size: 15px;\"><\/span><\/p><span data-start=\"1315\" data-end=\"1345\" style=\"font-size: 15px;\">&nbsp;<strong>&#8211;<\/strong> <strong><u>Captaci\u00f3n y aforo de aguas<\/u><\/strong><\/span><span style=\"font-size: 15px;\"><strong><u>:<\/u><\/strong> Asegurar que la captaci\u00f3n de aguas se realice mediante <\/span><span data-start=\"1402\" data-end=\"1438\" style=\"font-size: 15px;\">dispositivos&nbsp; que permitan aforar<\/span><span style=\"font-size: 15px;\"> (medir) el caudal extra\u00eddo, utilizando bocatomas existentes u otros medios definidos por el directorio.<\/span>\n\n\n<span style=\"font-size: 15px;\"><\/span><br><span data-start=\"1546\" data-end=\"1581\" style=\"font-size: 15px;\">&nbsp;<strong>&#8211;<\/strong> <strong><u>Gesti\u00f3n territorial del recurso<\/u><\/strong><\/span><span style=\"font-size: 15px;\"><strong><u>: <\/u><\/strong>Administrar la distribuci\u00f3n de agua para <\/span><span data-start=\"1624\" data-end=\"1654\" style=\"font-size: 15px;\">31 comunidades de regantes<\/span><span style=\"font-size: 15px;\">, que en conjunto manejan un total de <\/span><span data-start=\"1692\" data-end=\"1718\" style=\"font-size: 15px;\">7.418 acciones de agua<\/span><span style=\"font-size: 15px;\">.<\/span>\n\n\n<span style=\"font-size: 15px;\"><\/span><br><ul data-start=\"617\" data-end=\"1719\"><br><\/ul><br><p data-start=\"1721\" data-end=\"1895\" style=\"text-align: justify;\">Actualmente, esta distribuci\u00f3n permite el <span data-start=\"1763\" data-end=\"1807\" style=\"\">riego de aproximadamente 8.000 hect\u00e1reas<\/span>, beneficiando de manera directa a <span data-start=\"1842\" data-end=\"1867\" style=\"\">m\u00e1s de 1.149 regantes<\/span> en la cuenca del R\u00edo Ancoa.<\/p>\n\n<h2><br><\/h2>\n\n\n<h2><br><\/h2>\n<p>Lorem Ipsum has been the industry&#8217;s standard dummy text ever since the 1500s.<\/p>\n<p>Lorem Ipsum has been the industry&#8217;s standard dummy text ever since the 1500s.<\/p>\n<p>Lorem Ipsum has been the industry&#8217;s standard dummy text ever since the 1500s.<\/p>\n\n\n\n\n\n\n<h6>N\u00ba A\u00f1os<\/h6>\n\n\n\n\n\n<h6>Hect\u00e1reas<\/h6>\n\n\n\n\n\n<h6>N\u00ba Beneficiarios<\/h6>\n\n\n\n\n\n<h6>Canales<\/h6>\n\n\n\n\n\n\n\n<h2>Nuestros 31 Canales son:<\/h2>\n\n\n\n\n\n\n\n\n\n<h2>Canales constituidos<\/h2>\n<p><\/p><ol><li>\u00c1lamos o San Victor \u00c1lamos&nbsp;<\/li><li>Bartolo Ancoa<\/li><li>Encina o San Antonio Encina&nbsp;<\/li><li>Ferrada Iba\u00f1ez<\/li><li>Fuentealba o las Pataguas<\/li><li>Gonzales Iba\u00f1ez<\/li><li>Lama o San Antonio Lama<\/li><li>Letelier<\/li><li>Maitenes o Villalobos<\/li><li>Mu\u00f1oz<\/li><li>Pando<\/li><li>Rojas o Los Robles<\/li><li>Vasquez Uno&nbsp;<\/li><li>Villegas<\/li><\/ol>\n\n\n\n\n<h2>Canales no constituidos<\/h2>\n<p><\/p><ol><li>Barros Norte<\/li><li>BomBa Pataguas<\/li><li>Derivado<\/li><li>Dren San Antonio<\/li><li>El Molino<\/li><li>Espinela<\/li><li>Gaete<\/li><li>Iba\u00f1ez<\/li><li>Ibarra<\/li><li>La Ca\u00f1ada<\/li><li>Leiva<\/li><li>Margarita<\/li><li>Palacio<\/li><li>Retamal Ancoa<\/li><li>San Juan<\/li><li>Vasquez Dos<\/li><li>Vecinal&nbsp;<\/li><\/ol>\n\n\n\n\n<p><br><\/p>\n\n\n\n\n","protected":false},"excerpt":{"rendered":"","protected":false},"author":1,"featured_media":0,"parent":0,"menu_order":0,"comment_status":"closed","ping_status":"closed","template":"","meta":{"pagelayer_contact_templates":[],"_pagelayer_content":"","footnotes":""},"class_list":["post-46","page","type-page","status-publish","hentry"],"_links":{"self":[{"href":"https:\/\/jvrancoa.cl\/web\/wp-json\/wp\/v2\/pages\/46","targetHints":{"allow":["GET"]}}],"collection":[{"href":"https:\/\/jvrancoa.cl\/web\/wp-json\/wp\/v2\/pages"}],"about":[{"href":"https:\/\/jvrancoa.cl\/web\/wp-json\/wp\/v2\/types\/page"}],"author":[{"embeddable":true,"href":"https:\/\/jvrancoa.cl\/web\/wp-json\/wp\/v2\/users\/1"}],"replies":[{"embeddable":true,"href":"https:\/\/jvrancoa.cl\/web\/wp-json\/wp\/v2\/comments?post=46"}],"version-history":[{"count":20,"href":"https:\/\/jvrancoa.cl\/web\/wp-json\/wp\/v2\/pages\/46\/revisions"}],"predecessor-version":[{"id":735,"href":"https:\/\/jvrancoa.cl\/web\/wp-json\/wp\/v2\/pages\/46\/revisions\/735"}],"wp:attachment":[{"href":"https:\/\/jvrancoa.cl\/web\/wp-json\/wp\/v2\/media?parent=46"}],"curies":[{"name":"wp","href":"https:\/\/api.w.org\/{rel}","templated":true}]}}