{"id":532,"date":"2025-07-17T19:57:40","date_gmt":"2025-07-17T19:57:40","guid":{"rendered":"https:\/\/jvrancoa.cl\/web\/?page_id=532"},"modified":"2025-07-24T16:51:31","modified_gmt":"2025-07-24T16:51:31","slug":"fundacion","status":"publish","type":"page","link":"https:\/\/jvrancoa.cl\/web\/fundacion\/","title":{"rendered":"Fundaci\u00f3n"},"content":{"rendered":"\n\n\n<h1>Fundaci\u00f3n Ancoa<\/h1>\n\n\n\n\n\n<h2>\u00bfQui\u00e9nes somos?<\/h2>\n\n<span style=\"color:#0066cc;\"><p data-start=\"188\" data-end=\"627\" style=\"text-align: justify;\"><em><font style=\"vertical-align: inherit;\"><font style=\"vertical-align: inherit;\">La <\/font><\/font><span data-start=\"191\" data-end=\"210\"><font style=\"vertical-align: inherit;\"><font style=\"vertical-align: inherit;\">Fundaci\u00f3n Ancoa<\/font><\/font><\/span><font style=\"vertical-align: inherit;\"><font style=\"vertical-align: inherit;\"> fue creada el 3 de octubre del a\u00f1o 2022 con el prop\u00f3sito de brindar apoyo social a las personas que integran la Junta de Vigilancia del R\u00edo Ancoa, incluyendo a nuestros regantes, asociados y sus familias. Desde su origen, la fundaci\u00f3n ha trabajado silenciosamente para entregar asistencia oportuna a quienes lo necesitan, gracias al compromiso de un grupo de colaboradores que hacen posible cada una de nuestras acciones.<\/font><\/font><\/em><\/p><\/span>\n<span style=\"color:#0066cc;\"><p data-start=\"188\" data-end=\"627\" style=\"text-align: justify;\"><em><font style=\"vertical-align: inherit;\"><font style=\"vertical-align: inherit;\"><\/font><\/font><\/em><\/p><p>\n<\/p><p data-start=\"629\" data-end=\"1081\" style=\"text-align: justify;\"><em><font style=\"vertical-align: inherit;\"><font style=\"vertical-align: inherit;\">Con el paso del tiempo, hemos comprendido que nuestra labor puede ir m\u00e1s all\u00e1 de nuestra comunidad directa, y es por ello que, en circunstancias especiales, hemos abierto nuestras puertas para apoyar tambi\u00e9n a casos sociales relevantes dentro de la comuna de Linares y sus alrededores. Nuestro compromiso es contribuir de manera significativa al bienestar de las personas, siempre guiados por los principios de solidaridad, empat\u00eda y compromiso social.<\/font><\/font><\/em><\/p><\/span><p data-start=\"629\" data-end=\"1081\"><em><\/em><\/p>\n\n<p><\/p>\n\n\n\n<h2><br><\/h2>\n\n<p>Lorem Ipsum has been the industry&#8217;s standard dummy text ever since the 1500s.<\/p>\n\n\n\n\n\n\n<h2>\u00bfQu\u00e9 hacemos?<span style=\"color:#000000;\"><\/span><\/h2>\n\n<p data-start=\"167\" data-end=\"467\" style=\"text-align: justify;\"><font style=\"vertical-align: inherit;\"><font style=\"vertical-align: inherit;\"><font style=\"vertical-align: inherit;\"><font style=\"vertical-align: inherit;\"><font style=\"vertical-align: inherit;\"><font style=\"vertical-align: inherit;\">En <\/font><\/font><\/font><\/font><\/font><\/font><span data-start=\"170\" data-end=\"189\" style=\"\"><font style=\"vertical-align: inherit;\"><font style=\"vertical-align: inherit;\"><font style=\"vertical-align: inherit;\"><font style=\"vertical-align: inherit;\"><font style=\"vertical-align: inherit;\"><font style=\"vertical-align: inherit;\">Fundaci\u00f3n Ancoa<\/font><\/font><\/font><\/font><\/font><\/font><\/span><font style=\"vertical-align: inherit;\"><font style=\"vertical-align: inherit;\"><font style=\"vertical-align: inherit;\"><font style=\"vertical-align: inherit;\"><font style=\"vertical-align: inherit;\"><font style=\"vertical-align: inherit;\"> , desarrollamos diversas iniciativas orientadas al fortalecimiento social, cultural y econ\u00f3mico de nuestra comunidad. Una de nuestras principales actividades son las <\/font><\/font><\/font><\/font><\/font><\/font><span data-start=\"355\" data-end=\"388\" style=\"\"><font style=\"vertical-align: inherit;\"><font style=\"vertical-align: inherit;\"><font style=\"vertical-align: inherit;\"><font style=\"vertical-align: inherit;\"><font style=\"vertical-align: inherit;\"><font style=\"vertical-align: inherit;\">ferias agr\u00edcolas y culturales<\/font><\/font><\/font><\/font><\/font><\/font><\/span><font style=\"vertical-align: inherit;\"><font style=\"vertical-align: inherit;\"><font style=\"vertical-align: inherit;\"><font style=\"vertical-align: inherit;\"><font style=\"vertical-align: inherit;\"><font style=\"vertical-align: inherit;\"> , las cuales se han transformado en espacios de encuentro para toda la familia.<\/font><\/font><\/font><\/font><\/font><\/font><\/p>\n<p data-start=\"167\" data-end=\"467\" style=\"text-align: justify;\"><font style=\"vertical-align: inherit;\"><font style=\"vertical-align: inherit;\"><font style=\"vertical-align: inherit;\"><font style=\"vertical-align: inherit;\"><font style=\"vertical-align: inherit;\"><font style=\"vertical-align: inherit;\"><\/font><\/font><\/font><\/font><\/font><\/font><\/p><p data-start=\"469\" data-end=\"892\" style=\"text-align: justify;\"><font style=\"vertical-align: inherit;\"><font style=\"vertical-align: inherit;\"><font style=\"vertical-align: inherit;\"><font style=\"vertical-align: inherit;\"><font style=\"vertical-align: inherit;\"><font style=\"vertical-align: inherit;\">Estas ferias cuentan con la participaci\u00f3n activa de <\/font><\/font><\/font><\/font><\/font><\/font><span data-start=\"521\" data-end=\"557\"><font style=\"vertical-align: inherit;\"><font style=\"vertical-align: inherit;\"><font style=\"vertical-align: inherit;\"><font style=\"vertical-align: inherit;\"><font style=\"vertical-align: inherit;\"><font style=\"vertical-align: inherit;\">agricultores y artesanos locales<\/font><\/font><\/font><\/font><\/font><\/font><\/span><font style=\"vertical-align: inherit;\"><font style=\"vertical-align: inherit;\"><font style=\"vertical-align: inherit;\"><font style=\"vertical-align: inherit;\"><font style=\"vertical-align: inherit;\"><font style=\"vertical-align: inherit;\"> , quienes tienen la oportunidad de exhibir y comercializar sus productos, generando as\u00ed un impulso a la econom\u00eda local. Adem\u00e1s, integramos una variada <\/font><\/font><\/font><\/font><\/font><\/font><span data-start=\"708\" data-end=\"733\"><font style=\"vertical-align: inherit;\"><font style=\"vertical-align: inherit;\"><font style=\"vertical-align: inherit;\"><font style=\"vertical-align: inherit;\"><font style=\"vertical-align: inherit;\"><font style=\"vertical-align: inherit;\">programaci\u00f3n cultural<\/font><\/font><\/font><\/font><\/font><\/font><\/span><font style=\"vertical-align: inherit;\"><font style=\"vertical-align: inherit;\"><font style=\"vertical-align: inherit;\"><font style=\"vertical-align: inherit;\"><font style=\"vertical-align: inherit;\"><font style=\"vertical-align: inherit;\"> que incluye <\/font><\/font><\/font><\/font><\/font><\/font><span data-start=\"746\" data-end=\"833\"><font style=\"vertical-align: inherit;\"><font style=\"vertical-align: inherit;\"><font style=\"vertical-align: inherit;\"><font style=\"vertical-align: inherit;\"><font style=\"vertical-align: inherit;\"><font style=\"vertical-align: inherit;\">expositores, espect\u00e1culos infantiles, presentaciones musicales y bailes folcl\u00f3ricos<\/font><\/font><\/font><\/font><\/font><\/font><\/span><font style=\"vertical-align: inherit;\"><font style=\"vertical-align: inherit;\"><font style=\"vertical-align: inherit;\"><font style=\"vertical-align: inherit;\"><font style=\"vertical-align: inherit;\"><font style=\"vertical-align: inherit;\"> , fortaleciendo la identidad y tradiciones de nuestra zona.<\/font><\/font><\/font><\/font><\/font><\/font><\/p>\n<p data-start=\"469\" data-end=\"892\" style=\"text-align: justify;\"><font style=\"vertical-align: inherit;\"><font style=\"vertical-align: inherit;\"><font style=\"vertical-align: inherit;\"><font style=\"vertical-align: inherit;\"><font style=\"vertical-align: inherit;\"><font style=\"vertical-align: inherit;\"><\/font><\/font><\/font><\/font><\/font><\/font><\/p><p>\n\n<\/p><p data-start=\"894\" data-end=\"1183\" style=\"text-align: justify;\"><font style=\"vertical-align: inherit;\"><font style=\"vertical-align: inherit;\"><font style=\"vertical-align: inherit;\"><font style=\"vertical-align: inherit;\"><font style=\"vertical-align: inherit;\"><font style=\"vertical-align: inherit;\">Junto con ello, mantenemos un fuerte compromiso social, mediante la <\/font><\/font><\/font><\/font><\/font><\/font><span data-start=\"962\" data-end=\"1014\" style=\"\"><font style=\"vertical-align: inherit;\"><font style=\"vertical-align: inherit;\"><font style=\"vertical-align: inherit;\"><font style=\"vertical-align: inherit;\"><font style=\"vertical-align: inherit;\"><font style=\"vertical-align: inherit;\">entrega de mercader\u00eda y apoyo directo a familias<\/font><\/font><\/font><\/font><\/font><\/font><\/span><font style=\"vertical-align: inherit;\"><font style=\"vertical-align: inherit;\"><font style=\"vertical-align: inherit;\"><font style=\"vertical-align: inherit;\"><font style=\"vertical-align: inherit;\"><font style=\"vertical-align: inherit;\"> que se encuentran en situaci\u00f3n de vulnerabilidad, siempre con el objetivo de generar un impacto positivo y real en las comunidades rurales de Linares y sus alrededores.<\/font><\/font><\/font><\/font><\/font><\/font><span style=\"color:#0066cc;\"><\/span><span style=\"color:#0066cc;\"><\/span><\/p>\n\n\n\n<p>Lorem Ipsum has been the industry&#8217;s standard dummy text ever since the 1500s.<\/p>\n\n\n<p>Lorem Ipsum has been the industry&#8217;s standard dummy text ever since the 1500s.<\/p>\n\n\n\n\n\n\n\n\n<h2><br>M\u00e1s informacion en:<\/h2>\n\n\n\n\n<ul class=\"wp-block-social-links has-huge-icon-size is-content-justification-left is-layout-flex wp-container-core-social-links-is-layout-fdcfc74e wp-block-social-links-is-layout-flex\"><li class=\"wp-social-link wp-social-link-facebook  wp-block-social-link\"><a href=\"https:\/\/www.facebook.com\/profile.php?id=61578198068626\" class=\"wp-block-social-link-anchor\"><svg width=\"24\" height=\"24\" viewBox=\"0 0 24 24\" version=\"1.1\" xmlns=\"http:\/\/www.w3.org\/2000\/svg\" aria-hidden=\"true\" focusable=\"false\"><path d=\"M12 2C6.5 2 2 6.5 2 12c0 5 3.7 9.1 8.4 9.9v-7H7.9V12h2.5V9.8c0-2.5 1.5-3.9 3.8-3.9 1.1 0 2.2.2 2.2.2v2.5h-1.3c-1.2 0-1.6.8-1.6 1.6V12h2.8l-.4 2.9h-2.3v7C18.3 21.1 22 17 22 12c0-5.5-4.5-10-10-10z\"><\/path><\/svg><span class=\"wp-block-social-link-label screen-reader-text\">Facebook<\/span><\/a><\/li>\n\n<li class=\"wp-social-link wp-social-link-instagram  wp-block-social-link\"><a href=\"https:\/\/www.instagram.com\/fundacion_ancoa\/\" class=\"wp-block-social-link-anchor\"><svg width=\"24\" height=\"24\" viewBox=\"0 0 24 24\" version=\"1.1\" xmlns=\"http:\/\/www.w3.org\/2000\/svg\" aria-hidden=\"true\" focusable=\"false\"><path d=\"M12,4.622c2.403,0,2.688,0.009,3.637,0.052c0.877,0.04,1.354,0.187,1.671,0.31c0.42,0.163,0.72,0.358,1.035,0.673 c0.315,0.315,0.51,0.615,0.673,1.035c0.123,0.317,0.27,0.794,0.31,1.671c0.043,0.949,0.052,1.234,0.052,3.637 s-0.009,2.688-0.052,3.637c-0.04,0.877-0.187,1.354-0.31,1.671c-0.163,0.42-0.358,0.72-0.673,1.035 c-0.315,0.315-0.615,0.51-1.035,0.673c-0.317,0.123-0.794,0.27-1.671,0.31c-0.949,0.043-1.233,0.052-3.637,0.052 s-2.688-0.009-3.637-0.052c-0.877-0.04-1.354-0.187-1.671-0.31c-0.42-0.163-0.72-0.358-1.035-0.673 c-0.315-0.315-0.51-0.615-0.673-1.035c-0.123-0.317-0.27-0.794-0.31-1.671C4.631,14.688,4.622,14.403,4.622,12 s0.009-2.688,0.052-3.637c0.04-0.877,0.187-1.354,0.31-1.671c0.163-0.42,0.358-0.72,0.673-1.035 c0.315-0.315,0.615-0.51,1.035-0.673c0.317-0.123,0.794-0.27,1.671-0.31C9.312,4.631,9.597,4.622,12,4.622 M12,3 C9.556,3,9.249,3.01,8.289,3.054C7.331,3.098,6.677,3.25,6.105,3.472C5.513,3.702,5.011,4.01,4.511,4.511 c-0.5,0.5-0.808,1.002-1.038,1.594C3.25,6.677,3.098,7.331,3.054,8.289C3.01,9.249,3,9.556,3,12c0,2.444,0.01,2.751,0.054,3.711 c0.044,0.958,0.196,1.612,0.418,2.185c0.23,0.592,0.538,1.094,1.038,1.594c0.5,0.5,1.002,0.808,1.594,1.038 c0.572,0.222,1.227,0.375,2.185,0.418C9.249,20.99,9.556,21,12,21s2.751-0.01,3.711-0.054c0.958-0.044,1.612-0.196,2.185-0.418 c0.592-0.23,1.094-0.538,1.594-1.038c0.5-0.5,0.808-1.002,1.038-1.594c0.222-0.572,0.375-1.227,0.418-2.185 C20.99,14.751,21,14.444,21,12s-0.01-2.751-0.054-3.711c-0.044-0.958-0.196-1.612-0.418-2.185c-0.23-0.592-0.538-1.094-1.038-1.594 c-0.5-0.5-1.002-0.808-1.594-1.038c-0.572-0.222-1.227-0.375-2.185-0.418C14.751,3.01,14.444,3,12,3L12,3z M12,7.378 c-2.552,0-4.622,2.069-4.622,4.622S9.448,16.622,12,16.622s4.622-2.069,4.622-4.622S14.552,7.378,12,7.378z M12,15 c-1.657,0-3-1.343-3-3s1.343-3,3-3s3,1.343,3,3S13.657,15,12,15z M16.804,6.116c-0.596,0-1.08,0.484-1.08,1.08 s0.484,1.08,1.08,1.08c0.596,0,1.08-0.484,1.08-1.08S17.401,6.116,16.804,6.116z\"><\/path><\/svg><span class=\"wp-block-social-link-label screen-reader-text\">Instagram<\/span><\/a><\/li><\/ul>\n\n\n\n\n\n<p><\/p>\n","protected":false},"excerpt":{"rendered":"","protected":false},"author":3,"featured_media":0,"parent":0,"menu_order":0,"comment_status":"closed","ping_status":"closed","template":"","meta":{"pagelayer_contact_templates":[],"_pagelayer_content":"","footnotes":""},"class_list":["post-532","page","type-page","status-publish","hentry"],"_links":{"self":[{"href":"https:\/\/jvrancoa.cl\/web\/wp-json\/wp\/v2\/pages\/532","targetHints":{"allow":["GET"]}}],"collection":[{"href":"https:\/\/jvrancoa.cl\/web\/wp-json\/wp\/v2\/pages"}],"about":[{"href":"https:\/\/jvrancoa.cl\/web\/wp-json\/wp\/v2\/types\/page"}],"author":[{"embeddable":true,"href":"https:\/\/jvrancoa.cl\/web\/wp-json\/wp\/v2\/users\/3"}],"replies":[{"embeddable":true,"href":"https:\/\/jvrancoa.cl\/web\/wp-json\/wp\/v2\/comments?post=532"}],"version-history":[{"count":12,"href":"https:\/\/jvrancoa.cl\/web\/wp-json\/wp\/v2\/pages\/532\/revisions"}],"predecessor-version":[{"id":686,"href":"https:\/\/jvrancoa.cl\/web\/wp-json\/wp\/v2\/pages\/532\/revisions\/686"}],"wp:attachment":[{"href":"https:\/\/jvrancoa.cl\/web\/wp-json\/wp\/v2\/media?parent=532"}],"curies":[{"name":"wp","href":"https:\/\/api.w.org\/{rel}","templated":true}]}}